{"id":142,"date":"2023-12-04T17:45:36","date_gmt":"2023-12-04T16:45:36","guid":{"rendered":"https:\/\/boutiquehotelchiado.ms2.decms.eu\/?page_id=142"},"modified":"2023-12-22T16:43:01","modified_gmt":"2023-12-22T15:43:01","slug":"acolhimento-estadia","status":"publish","type":"page","link":"https:\/\/www.boutiquechiado.com\/pt-pt\/acolhimento-estadia\/","title":{"rendered":"Acolhimento &#038; Estadia"},"content":{"rendered":"<p>O servi\u00e7o no Boutique Chiado \u00e9 desenhado para uma experi\u00eancia suave e silenciosa. N\u00e3o hesite em contactar a nossa equipa para qualquer quest\u00e3o que tenha ou pedido especial.<\/p>\n","protected":false},"excerpt":{"rendered":"<p>O servi\u00e7o no Boutique Chiado \u00e9 desenhado para uma experi\u00eancia suave e silenciosa. N\u00e3o hesite em contactar a nossa equipa para qualquer quest\u00e3o que tenha ou pedido especial.<\/p>\n","protected":false},"author":26,"featured_media":0,"parent":0,"menu_order":40,"comment_status":"closed","ping_status":"closed","template":"template-default-3.php","meta":{"footnotes":""},"class_list":["post-142","page","type-page","status-publish","hentry"],"yoast_head":"<!-- This site is optimized with the Yoast SEO plugin v27.3 - https:\/\/yoast.com\/product\/yoast-seo-wordpress\/ -->\n<title>Acolhimento &amp; Estadia - Boutique Hotel Chiado<\/title>\n<meta name=\"robots\" content=\"index, follow, max-snippet:-1, max-image-preview:large, max-video-preview:-1\" \/>\n<link rel=\"canonical\" href=\"https:\/\/www.boutiquechiado.com\/pt-pt\/acolhimento-estadia\/\" \/>\n<meta property=\"og:locale\" content=\"pt_PT\" \/>\n<meta property=\"og:type\" content=\"article\" \/>\n<meta property=\"og:title\" content=\"Acolhimento &amp; Estadia - Boutique Hotel Chiado\" \/>\n<meta property=\"og:description\" content=\"O servi\u00e7o no Boutique Chiado \u00e9 desenhado para uma experi\u00eancia suave e silenciosa. N\u00e3o hesite em contactar a nossa equipa para qualquer quest\u00e3o que tenha ou pedido especial.\" \/>\n<meta property=\"og:url\" content=\"https:\/\/www.boutiquechiado.com\/pt-pt\/acolhimento-estadia\/\" \/>\n<meta property=\"og:site_name\" content=\"Boutique Hotel Chiado\" \/>\n<meta property=\"article:modified_time\" content=\"2023-12-22T15:43:01+00:00\" \/>\n<meta name=\"twitter:card\" content=\"summary_large_image\" \/>\n<script type=\"application\/ld+json\" class=\"yoast-schema-graph\">{\"@context\":\"https:\\\/\\\/schema.org\",\"@graph\":[{\"@type\":\"WebPage\",\"@id\":\"https:\\\/\\\/www.boutiquechiado.com\\\/pt-pt\\\/acolhimento-estadia\\\/\",\"url\":\"https:\\\/\\\/www.boutiquechiado.com\\\/pt-pt\\\/acolhimento-estadia\\\/\",\"name\":\"Acolhimento & Estadia - Boutique Hotel Chiado\",\"isPartOf\":{\"@id\":\"https:\\\/\\\/www.boutiquechiado.com\\\/pt-pt\\\/#website\"},\"datePublished\":\"2023-12-04T16:45:36+00:00\",\"dateModified\":\"2023-12-22T15:43:01+00:00\",\"breadcrumb\":{\"@id\":\"https:\\\/\\\/www.boutiquechiado.com\\\/pt-pt\\\/acolhimento-estadia\\\/#breadcrumb\"},\"inLanguage\":\"pt-PT\",\"potentialAction\":[{\"@type\":\"ReadAction\",\"target\":[\"https:\\\/\\\/www.boutiquechiado.com\\\/pt-pt\\\/acolhimento-estadia\\\/\"]}]},{\"@type\":\"BreadcrumbList\",\"@id\":\"https:\\\/\\\/www.boutiquechiado.com\\\/pt-pt\\\/acolhimento-estadia\\\/#breadcrumb\",\"itemListElement\":[{\"@type\":\"ListItem\",\"position\":1,\"name\":\"Home\",\"item\":\"https:\\\/\\\/www.boutiquechiado.com\\\/pt-pt\\\/\"},{\"@type\":\"ListItem\",\"position\":2,\"name\":\"Acolhimento &#038; Estadia\"}]},{\"@type\":\"WebSite\",\"@id\":\"https:\\\/\\\/www.boutiquechiado.com\\\/pt-pt\\\/#website\",\"url\":\"https:\\\/\\\/www.boutiquechiado.com\\\/pt-pt\\\/\",\"name\":\"Boutique Hotel Chiado\",\"description\":\"\",\"potentialAction\":[{\"@type\":\"SearchAction\",\"target\":{\"@type\":\"EntryPoint\",\"urlTemplate\":\"https:\\\/\\\/www.boutiquechiado.com\\\/pt-pt\\\/?s={search_term_string}\"},\"query-input\":{\"@type\":\"PropertyValueSpecification\",\"valueRequired\":true,\"valueName\":\"search_term_string\"}}],\"inLanguage\":\"pt-PT\"}]}<\/script>\n<!-- \/ Yoast SEO plugin. -->","yoast_head_json":{"title":"Acolhimento & Estadia - Boutique Hotel Chiado","robots":{"index":"index","follow":"follow","max-snippet":"max-snippet:-1","max-image-preview":"max-image-preview:large","max-video-preview":"max-video-preview:-1"},"canonical":"https:\/\/www.boutiquechiado.com\/pt-pt\/acolhimento-estadia\/","og_locale":"pt_PT","og_type":"article","og_title":"Acolhimento & Estadia - Boutique Hotel Chiado","og_description":"O servi\u00e7o no Boutique Chiado \u00e9 desenhado para uma experi\u00eancia suave e silenciosa. N\u00e3o hesite em contactar a nossa equipa para qualquer quest\u00e3o que tenha ou pedido especial.","og_url":"https:\/\/www.boutiquechiado.com\/pt-pt\/acolhimento-estadia\/","og_site_name":"Boutique Hotel Chiado","article_modified_time":"2023-12-22T15:43:01+00:00","twitter_card":"summary_large_image","schema":{"@context":"https:\/\/schema.org","@graph":[{"@type":"WebPage","@id":"https:\/\/www.boutiquechiado.com\/pt-pt\/acolhimento-estadia\/","url":"https:\/\/www.boutiquechiado.com\/pt-pt\/acolhimento-estadia\/","name":"Acolhimento & Estadia - Boutique Hotel Chiado","isPartOf":{"@id":"https:\/\/www.boutiquechiado.com\/pt-pt\/#website"},"datePublished":"2023-12-04T16:45:36+00:00","dateModified":"2023-12-22T15:43:01+00:00","breadcrumb":{"@id":"https:\/\/www.boutiquechiado.com\/pt-pt\/acolhimento-estadia\/#breadcrumb"},"inLanguage":"pt-PT","potentialAction":[{"@type":"ReadAction","target":["https:\/\/www.boutiquechiado.com\/pt-pt\/acolhimento-estadia\/"]}]},{"@type":"BreadcrumbList","@id":"https:\/\/www.boutiquechiado.com\/pt-pt\/acolhimento-estadia\/#breadcrumb","itemListElement":[{"@type":"ListItem","position":1,"name":"Home","item":"https:\/\/www.boutiquechiado.com\/pt-pt\/"},{"@type":"ListItem","position":2,"name":"Acolhimento &#038; Estadia"}]},{"@type":"WebSite","@id":"https:\/\/www.boutiquechiado.com\/pt-pt\/#website","url":"https:\/\/www.boutiquechiado.com\/pt-pt\/","name":"Boutique Hotel Chiado","description":"","potentialAction":[{"@type":"SearchAction","target":{"@type":"EntryPoint","urlTemplate":"https:\/\/www.boutiquechiado.com\/pt-pt\/?s={search_term_string}"},"query-input":{"@type":"PropertyValueSpecification","valueRequired":true,"valueName":"search_term_string"}}],"inLanguage":"pt-PT"}]}},"acf":[],"_links":{"self":[{"href":"https:\/\/www.boutiquechiado.com\/pt-pt\/wp-json\/wp\/v2\/pages\/142","targetHints":{"allow":["GET"]}}],"collection":[{"href":"https:\/\/www.boutiquechiado.com\/pt-pt\/wp-json\/wp\/v2\/pages"}],"about":[{"href":"https:\/\/www.boutiquechiado.com\/pt-pt\/wp-json\/wp\/v2\/types\/page"}],"author":[{"embeddable":true,"href":"https:\/\/www.boutiquechiado.com\/pt-pt\/wp-json\/wp\/v2\/users\/26"}],"replies":[{"embeddable":true,"href":"https:\/\/www.boutiquechiado.com\/pt-pt\/wp-json\/wp\/v2\/comments?post=142"}],"version-history":[{"count":0,"href":"https:\/\/www.boutiquechiado.com\/pt-pt\/wp-json\/wp\/v2\/pages\/142\/revisions"}],"wp:attachment":[{"href":"https:\/\/www.boutiquechiado.com\/pt-pt\/wp-json\/wp\/v2\/media?parent=142"}],"curies":[{"name":"wp","href":"https:\/\/api.w.org\/{rel}","templated":true}]}}