{"id":133,"date":"2023-12-04T17:38:49","date_gmt":"2023-12-04T16:38:49","guid":{"rendered":"https:\/\/boutiquehotelchiado.ms2.decms.eu\/?page_id=133"},"modified":"2023-12-22T16:31:05","modified_gmt":"2023-12-22T15:31:05","slug":"nossas-suites","status":"publish","type":"page","link":"https:\/\/www.boutiquechiado.com\/pt-pt\/nossas-suites\/","title":{"rendered":"Nossas Su\u00edtes"},"content":{"rendered":"<p>15 suites que s\u00e3o como confort\u00e1veis apartamentos com todas as comodidades essenciais para uma estadia verdadeiramente relaxante e sem atrito, uma casa longe de casa.<\/p>\n<p>Dispomos de uma oferta de 4 categorias distintas \u2014 Premium com vista, Deluxe, Superior e Standard. Cada suite oferece um conjunto de comodidades essenciais aleadas a um trabalho cuidadoso de decora\u00e7\u00e3o cheia de charme.<\/p>\n","protected":false},"excerpt":{"rendered":"<p>15 suites que s\u00e3o como confort\u00e1veis apartamentos com todas as comodidades essenciais para uma estadia verdadeiramente relaxante e sem atrito, uma casa longe de casa. Dispomos de uma oferta de 4 categorias distintas \u2014 Premium com vista, Deluxe, Superior e Standard. Cada suite oferece um conjunto de comodidades essenciais aleadas a um trabalho cuidadoso de [&hellip;]<\/p>\n","protected":false},"author":26,"featured_media":0,"parent":0,"menu_order":30,"comment_status":"closed","ping_status":"closed","template":"template-rooms.php","meta":{"footnotes":""},"yoast_head":"<!-- This site is optimized with the Yoast SEO plugin v22.3 - https:\/\/yoast.com\/wordpress\/plugins\/seo\/ -->\n<title>Nossas Su\u00edtes - Boutique Hotel Chiado<\/title>\n<meta name=\"robots\" content=\"index, follow, max-snippet:-1, max-image-preview:large, max-video-preview:-1\" \/>\n<link rel=\"canonical\" href=\"https:\/\/www.boutiquechiado.com\/pt-pt\/nossas-suites\/\" \/>\n<meta property=\"og:locale\" content=\"pt_PT\" \/>\n<meta property=\"og:type\" content=\"article\" \/>\n<meta property=\"og:title\" content=\"Nossas Su\u00edtes - Boutique Hotel Chiado\" \/>\n<meta property=\"og:description\" content=\"15 suites que s\u00e3o como confort\u00e1veis apartamentos com todas as comodidades essenciais para uma estadia verdadeiramente relaxante e sem atrito, uma casa longe de casa. Dispomos de uma oferta de 4 categorias distintas \u2014 Premium com vista, Deluxe, Superior e Standard. Cada suite oferece um conjunto de comodidades essenciais aleadas a um trabalho cuidadoso de [&hellip;]\" \/>\n<meta property=\"og:url\" content=\"https:\/\/www.boutiquechiado.com\/pt-pt\/nossas-suites\/\" \/>\n<meta property=\"og:site_name\" content=\"Boutique Hotel Chiado\" \/>\n<meta property=\"article:modified_time\" content=\"2023-12-22T15:31:05+00:00\" \/>\n<meta name=\"twitter:card\" content=\"summary_large_image\" \/>\n<script type=\"application\/ld+json\" class=\"yoast-schema-graph\">{\"@context\":\"https:\/\/schema.org\",\"@graph\":[{\"@type\":\"WebPage\",\"@id\":\"https:\/\/www.boutiquechiado.com\/pt-pt\/nossas-suites\/\",\"url\":\"https:\/\/www.boutiquechiado.com\/pt-pt\/nossas-suites\/\",\"name\":\"Nossas Su\u00edtes - Boutique Hotel Chiado\",\"isPartOf\":{\"@id\":\"https:\/\/www.boutiquechiado.com\/pt-pt\/#website\"},\"datePublished\":\"2023-12-04T16:38:49+00:00\",\"dateModified\":\"2023-12-22T15:31:05+00:00\",\"breadcrumb\":{\"@id\":\"https:\/\/www.boutiquechiado.com\/pt-pt\/nossas-suites\/#breadcrumb\"},\"inLanguage\":\"pt-PT\",\"potentialAction\":[{\"@type\":\"ReadAction\",\"target\":[\"https:\/\/www.boutiquechiado.com\/pt-pt\/nossas-suites\/\"]}]},{\"@type\":\"BreadcrumbList\",\"@id\":\"https:\/\/www.boutiquechiado.com\/pt-pt\/nossas-suites\/#breadcrumb\",\"itemListElement\":[{\"@type\":\"ListItem\",\"position\":1,\"name\":\"Home\",\"item\":\"https:\/\/www.boutiquechiado.com\/pt-pt\/\"},{\"@type\":\"ListItem\",\"position\":2,\"name\":\"Nossas Su\u00edtes\"}]},{\"@type\":\"WebSite\",\"@id\":\"https:\/\/www.boutiquechiado.com\/pt-pt\/#website\",\"url\":\"https:\/\/www.boutiquechiado.com\/pt-pt\/\",\"name\":\"Boutique Hotel Chiado\",\"description\":\"\",\"potentialAction\":[{\"@type\":\"SearchAction\",\"target\":{\"@type\":\"EntryPoint\",\"urlTemplate\":\"https:\/\/www.boutiquechiado.com\/pt-pt\/?s={search_term_string}\"},\"query-input\":\"required name=search_term_string\"}],\"inLanguage\":\"pt-PT\"}]}<\/script>\n<!-- \/ Yoast SEO plugin. -->","yoast_head_json":{"title":"Nossas Su\u00edtes - Boutique Hotel Chiado","robots":{"index":"index","follow":"follow","max-snippet":"max-snippet:-1","max-image-preview":"max-image-preview:large","max-video-preview":"max-video-preview:-1"},"canonical":"https:\/\/www.boutiquechiado.com\/pt-pt\/nossas-suites\/","og_locale":"pt_PT","og_type":"article","og_title":"Nossas Su\u00edtes - Boutique Hotel Chiado","og_description":"15 suites que s\u00e3o como confort\u00e1veis apartamentos com todas as comodidades essenciais para uma estadia verdadeiramente relaxante e sem atrito, uma casa longe de casa. Dispomos de uma oferta de 4 categorias distintas \u2014 Premium com vista, Deluxe, Superior e Standard. Cada suite oferece um conjunto de comodidades essenciais aleadas a um trabalho cuidadoso de [&hellip;]","og_url":"https:\/\/www.boutiquechiado.com\/pt-pt\/nossas-suites\/","og_site_name":"Boutique Hotel Chiado","article_modified_time":"2023-12-22T15:31:05+00:00","twitter_card":"summary_large_image","schema":{"@context":"https:\/\/schema.org","@graph":[{"@type":"WebPage","@id":"https:\/\/www.boutiquechiado.com\/pt-pt\/nossas-suites\/","url":"https:\/\/www.boutiquechiado.com\/pt-pt\/nossas-suites\/","name":"Nossas Su\u00edtes - Boutique Hotel Chiado","isPartOf":{"@id":"https:\/\/www.boutiquechiado.com\/pt-pt\/#website"},"datePublished":"2023-12-04T16:38:49+00:00","dateModified":"2023-12-22T15:31:05+00:00","breadcrumb":{"@id":"https:\/\/www.boutiquechiado.com\/pt-pt\/nossas-suites\/#breadcrumb"},"inLanguage":"pt-PT","potentialAction":[{"@type":"ReadAction","target":["https:\/\/www.boutiquechiado.com\/pt-pt\/nossas-suites\/"]}]},{"@type":"BreadcrumbList","@id":"https:\/\/www.boutiquechiado.com\/pt-pt\/nossas-suites\/#breadcrumb","itemListElement":[{"@type":"ListItem","position":1,"name":"Home","item":"https:\/\/www.boutiquechiado.com\/pt-pt\/"},{"@type":"ListItem","position":2,"name":"Nossas Su\u00edtes"}]},{"@type":"WebSite","@id":"https:\/\/www.boutiquechiado.com\/pt-pt\/#website","url":"https:\/\/www.boutiquechiado.com\/pt-pt\/","name":"Boutique Hotel Chiado","description":"","potentialAction":[{"@type":"SearchAction","target":{"@type":"EntryPoint","urlTemplate":"https:\/\/www.boutiquechiado.com\/pt-pt\/?s={search_term_string}"},"query-input":"required name=search_term_string"}],"inLanguage":"pt-PT"}]}},"acf":[],"_links":{"self":[{"href":"https:\/\/www.boutiquechiado.com\/pt-pt\/wp-json\/wp\/v2\/pages\/133"}],"collection":[{"href":"https:\/\/www.boutiquechiado.com\/pt-pt\/wp-json\/wp\/v2\/pages"}],"about":[{"href":"https:\/\/www.boutiquechiado.com\/pt-pt\/wp-json\/wp\/v2\/types\/page"}],"author":[{"embeddable":true,"href":"https:\/\/www.boutiquechiado.com\/pt-pt\/wp-json\/wp\/v2\/users\/26"}],"replies":[{"embeddable":true,"href":"https:\/\/www.boutiquechiado.com\/pt-pt\/wp-json\/wp\/v2\/comments?post=133"}],"version-history":[{"count":0,"href":"https:\/\/www.boutiquechiado.com\/pt-pt\/wp-json\/wp\/v2\/pages\/133\/revisions"}],"wp:attachment":[{"href":"https:\/\/www.boutiquechiado.com\/pt-pt\/wp-json\/wp\/v2\/media?parent=133"}],"curies":[{"name":"wp","href":"https:\/\/api.w.org\/{rel}","templated":true}]}}