{"id":131,"date":"2023-12-04T17:38:10","date_gmt":"2023-12-04T16:38:10","guid":{"rendered":"https:\/\/boutiquehotelchiado.ms2.decms.eu\/?page_id=131"},"modified":"2023-12-22T16:30:29","modified_gmt":"2023-12-22T15:30:29","slug":"quem-somos","status":"publish","type":"page","link":"https:\/\/www.boutiquechiado.com\/pt-pt\/quem-somos\/","title":{"rendered":"Quem somos"},"content":{"rendered":"<p>Este boutique hotel preenche um espa\u00e7o hist\u00f3rico, inerentemente Lisboeta, no qual foram resgatados detalhes arquitet\u00f3nicos e decorativos originais como os ic\u00f3nico azulejos azuis ou os arcos em pedra da entrada, cuidadosamente complementados com pormenores actuais para o maior conforto poss\u00edvel.<\/p>\n<p>A nossas suites, no cora\u00e7\u00e3o do Chiado, s\u00e3o quase apartamentos com todas as comodidades essenciais para uma estadia verdadeiramente relaxante, sem atrito e cheia de alma alfacinha.<\/p>\n","protected":false},"excerpt":{"rendered":"<p>Este boutique hotel preenche um espa\u00e7o hist\u00f3rico, inerentemente Lisboeta, no qual foram resgatados detalhes arquitet\u00f3nicos e decorativos originais como os ic\u00f3nico azulejos azuis ou os arcos em pedra da entrada, cuidadosamente complementados com pormenores actuais para o maior conforto poss\u00edvel. A nossas suites, no cora\u00e7\u00e3o do Chiado, s\u00e3o quase apartamentos com todas as comodidades essenciais [&hellip;]<\/p>\n","protected":false},"author":26,"featured_media":0,"parent":0,"menu_order":20,"comment_status":"closed","ping_status":"closed","template":"template-default-2.php","meta":{"footnotes":""},"class_list":["post-131","page","type-page","status-publish","hentry"],"yoast_head":"<!-- This site is optimized with the Yoast SEO plugin v27.3 - https:\/\/yoast.com\/product\/yoast-seo-wordpress\/ -->\n<title>Quem somos - Boutique Hotel Chiado<\/title>\n<meta name=\"robots\" content=\"index, follow, max-snippet:-1, max-image-preview:large, max-video-preview:-1\" \/>\n<link rel=\"canonical\" href=\"https:\/\/www.boutiquechiado.com\/pt-pt\/quem-somos\/\" \/>\n<meta property=\"og:locale\" content=\"pt_PT\" \/>\n<meta property=\"og:type\" content=\"article\" \/>\n<meta property=\"og:title\" content=\"Quem somos - Boutique Hotel Chiado\" \/>\n<meta property=\"og:description\" content=\"Este boutique hotel preenche um espa\u00e7o hist\u00f3rico, inerentemente Lisboeta, no qual foram resgatados detalhes arquitet\u00f3nicos e decorativos originais como os ic\u00f3nico azulejos azuis ou os arcos em pedra da entrada, cuidadosamente complementados com pormenores actuais para o maior conforto poss\u00edvel. A nossas suites, no cora\u00e7\u00e3o do Chiado, s\u00e3o quase apartamentos com todas as comodidades essenciais [&hellip;]\" \/>\n<meta property=\"og:url\" content=\"https:\/\/www.boutiquechiado.com\/pt-pt\/quem-somos\/\" \/>\n<meta property=\"og:site_name\" content=\"Boutique Hotel Chiado\" \/>\n<meta property=\"article:modified_time\" content=\"2023-12-22T15:30:29+00:00\" \/>\n<meta name=\"twitter:card\" content=\"summary_large_image\" \/>\n<script type=\"application\/ld+json\" class=\"yoast-schema-graph\">{\"@context\":\"https:\\\/\\\/schema.org\",\"@graph\":[{\"@type\":\"WebPage\",\"@id\":\"https:\\\/\\\/www.boutiquechiado.com\\\/pt-pt\\\/quem-somos\\\/\",\"url\":\"https:\\\/\\\/www.boutiquechiado.com\\\/pt-pt\\\/quem-somos\\\/\",\"name\":\"Quem somos - Boutique Hotel Chiado\",\"isPartOf\":{\"@id\":\"https:\\\/\\\/www.boutiquechiado.com\\\/pt-pt\\\/#website\"},\"datePublished\":\"2023-12-04T16:38:10+00:00\",\"dateModified\":\"2023-12-22T15:30:29+00:00\",\"breadcrumb\":{\"@id\":\"https:\\\/\\\/www.boutiquechiado.com\\\/pt-pt\\\/quem-somos\\\/#breadcrumb\"},\"inLanguage\":\"pt-PT\",\"potentialAction\":[{\"@type\":\"ReadAction\",\"target\":[\"https:\\\/\\\/www.boutiquechiado.com\\\/pt-pt\\\/quem-somos\\\/\"]}]},{\"@type\":\"BreadcrumbList\",\"@id\":\"https:\\\/\\\/www.boutiquechiado.com\\\/pt-pt\\\/quem-somos\\\/#breadcrumb\",\"itemListElement\":[{\"@type\":\"ListItem\",\"position\":1,\"name\":\"Home\",\"item\":\"https:\\\/\\\/www.boutiquechiado.com\\\/pt-pt\\\/\"},{\"@type\":\"ListItem\",\"position\":2,\"name\":\"Quem somos\"}]},{\"@type\":\"WebSite\",\"@id\":\"https:\\\/\\\/www.boutiquechiado.com\\\/pt-pt\\\/#website\",\"url\":\"https:\\\/\\\/www.boutiquechiado.com\\\/pt-pt\\\/\",\"name\":\"Boutique Hotel Chiado\",\"description\":\"\",\"potentialAction\":[{\"@type\":\"SearchAction\",\"target\":{\"@type\":\"EntryPoint\",\"urlTemplate\":\"https:\\\/\\\/www.boutiquechiado.com\\\/pt-pt\\\/?s={search_term_string}\"},\"query-input\":{\"@type\":\"PropertyValueSpecification\",\"valueRequired\":true,\"valueName\":\"search_term_string\"}}],\"inLanguage\":\"pt-PT\"}]}<\/script>\n<!-- \/ Yoast SEO plugin. -->","yoast_head_json":{"title":"Quem somos - Boutique Hotel Chiado","robots":{"index":"index","follow":"follow","max-snippet":"max-snippet:-1","max-image-preview":"max-image-preview:large","max-video-preview":"max-video-preview:-1"},"canonical":"https:\/\/www.boutiquechiado.com\/pt-pt\/quem-somos\/","og_locale":"pt_PT","og_type":"article","og_title":"Quem somos - Boutique Hotel Chiado","og_description":"Este boutique hotel preenche um espa\u00e7o hist\u00f3rico, inerentemente Lisboeta, no qual foram resgatados detalhes arquitet\u00f3nicos e decorativos originais como os ic\u00f3nico azulejos azuis ou os arcos em pedra da entrada, cuidadosamente complementados com pormenores actuais para o maior conforto poss\u00edvel. A nossas suites, no cora\u00e7\u00e3o do Chiado, s\u00e3o quase apartamentos com todas as comodidades essenciais [&hellip;]","og_url":"https:\/\/www.boutiquechiado.com\/pt-pt\/quem-somos\/","og_site_name":"Boutique Hotel Chiado","article_modified_time":"2023-12-22T15:30:29+00:00","twitter_card":"summary_large_image","schema":{"@context":"https:\/\/schema.org","@graph":[{"@type":"WebPage","@id":"https:\/\/www.boutiquechiado.com\/pt-pt\/quem-somos\/","url":"https:\/\/www.boutiquechiado.com\/pt-pt\/quem-somos\/","name":"Quem somos - Boutique Hotel Chiado","isPartOf":{"@id":"https:\/\/www.boutiquechiado.com\/pt-pt\/#website"},"datePublished":"2023-12-04T16:38:10+00:00","dateModified":"2023-12-22T15:30:29+00:00","breadcrumb":{"@id":"https:\/\/www.boutiquechiado.com\/pt-pt\/quem-somos\/#breadcrumb"},"inLanguage":"pt-PT","potentialAction":[{"@type":"ReadAction","target":["https:\/\/www.boutiquechiado.com\/pt-pt\/quem-somos\/"]}]},{"@type":"BreadcrumbList","@id":"https:\/\/www.boutiquechiado.com\/pt-pt\/quem-somos\/#breadcrumb","itemListElement":[{"@type":"ListItem","position":1,"name":"Home","item":"https:\/\/www.boutiquechiado.com\/pt-pt\/"},{"@type":"ListItem","position":2,"name":"Quem somos"}]},{"@type":"WebSite","@id":"https:\/\/www.boutiquechiado.com\/pt-pt\/#website","url":"https:\/\/www.boutiquechiado.com\/pt-pt\/","name":"Boutique Hotel Chiado","description":"","potentialAction":[{"@type":"SearchAction","target":{"@type":"EntryPoint","urlTemplate":"https:\/\/www.boutiquechiado.com\/pt-pt\/?s={search_term_string}"},"query-input":{"@type":"PropertyValueSpecification","valueRequired":true,"valueName":"search_term_string"}}],"inLanguage":"pt-PT"}]}},"acf":[],"_links":{"self":[{"href":"https:\/\/www.boutiquechiado.com\/pt-pt\/wp-json\/wp\/v2\/pages\/131","targetHints":{"allow":["GET"]}}],"collection":[{"href":"https:\/\/www.boutiquechiado.com\/pt-pt\/wp-json\/wp\/v2\/pages"}],"about":[{"href":"https:\/\/www.boutiquechiado.com\/pt-pt\/wp-json\/wp\/v2\/types\/page"}],"author":[{"embeddable":true,"href":"https:\/\/www.boutiquechiado.com\/pt-pt\/wp-json\/wp\/v2\/users\/26"}],"replies":[{"embeddable":true,"href":"https:\/\/www.boutiquechiado.com\/pt-pt\/wp-json\/wp\/v2\/comments?post=131"}],"version-history":[{"count":0,"href":"https:\/\/www.boutiquechiado.com\/pt-pt\/wp-json\/wp\/v2\/pages\/131\/revisions"}],"wp:attachment":[{"href":"https:\/\/www.boutiquechiado.com\/pt-pt\/wp-json\/wp\/v2\/media?parent=131"}],"curies":[{"name":"wp","href":"https:\/\/api.w.org\/{rel}","templated":true}]}}